{"id":6641,"date":"2021-06-15T13:57:43","date_gmt":"2021-06-15T13:57:43","guid":{"rendered":"https:\/\/www.manoukvandermeulen.com\/?page_id=6641"},"modified":"2023-10-15T21:27:33","modified_gmt":"2023-10-15T21:27:33","slug":"home","status":"publish","type":"page","link":"https:\/\/www.manoukvandermeulen.com\/sv\/","title":{"rendered":"HOME"},"content":{"rendered":"<p>[et_pb_section fb_built=&#8221;1&#8243; fullwidth=&#8221;on&#8221; _builder_version=&#8221;4.9.0&#8243; _module_preset=&#8221;default&#8221; background_color=&#8221;#FFFFFF&#8221;][et_pb_fullwidth_image src=&#8221;https:\/\/www.manoukvandermeulen.com\/wp-content\/uploads\/2021\/06\/SWEDISH.png&#8221; title_text=&#8221;SWEDISH&#8221; _builder_version=&#8221;4.9.7&#8243; _module_preset=&#8221;default&#8221; background_color=&#8221;#FFFFFF&#8221; min_height=&#8221;251.6px&#8221; custom_padding=&#8221;0px||0px|||&#8221;][\/et_pb_fullwidth_image][\/et_pb_section][et_pb_section fb_built=&#8221;1&#8243; admin_label=&#8221;Gallery&#8221; _builder_version=&#8221;4.5.1&#8243; custom_padding=&#8221;||0px|||&#8221;][et_pb_row _builder_version=&#8221;4.9.0&#8243; _module_preset=&#8221;default&#8221; custom_padding=&#8221;42px|||||&#8221;][et_pb_column type=&#8221;4_4&#8243; _builder_version=&#8221;4.9.0&#8243; _module_preset=&#8221;default&#8221;][et_pb_text _builder_version=&#8221;4.9.7&#8243; _module_preset=&#8221;default&#8221; text_font=&#8221;Thasadith||||||||&#8221; header_font=&#8221;Thasadith||||||||&#8221; inline_fonts=&#8221;Abhaya Libre,Open Sans Condensed,Thasadith&#8221;]<\/p>\n<p><span style=\"font-size: large;\"><a href=\"https:\/\/www.manoukvandermeulen.com\/m_male-foto-fp-vedle-short-bio\/\"><img loading=\"lazy\" class=\"wp-image-6532 alignleft size-medium\" src=\"https:\/\/www.manoukvandermeulen.com\/wp-content\/uploads\/2021\/06\/M_male-foto-FP-vedle-short-bio-225x300.jpg\" alt=\"\" style=\"display: block; margin-left: auto; margin-right: auto;\" width=\"263\" height=\"351\" \/><\/a><\/span><\/p>\n<p><span style=\"font-size: large;\"><\/span><\/p>\n<p><span style=\"font-size: large;\"><\/span><\/p>\n<p><span style=\"font-size: large;\">Manouks karri\u00e4r som <span style=\"text-decoration: underline;\"><a href=\"https:\/\/www.imdb.com\/name\/nm0582811\/?ref_=nv_sr_srsg_0\">sk\u00e5despelerska<\/a><\/span> b\u00f6rjade 1980 efter Herman Teirlinck Theatre School i Antwerpen.\u00a0Hon har utbildats och f\u00f6ljt masterclasses av Warren Robertson, Jack Waltzer, Delia Salvia och Candice Darra i Amsterdam och NY. <\/span><\/p>\n<p><span style=\"font-size: large;\">Mellan 1997 och 2001 studerade hon p\u00e5\u00a0Actor Centre i London.\u00a0\u00c5r 2007 deltog hon i Trappan i G\u00f6teborg.<\/span><\/p>\n<p><span style=\"font-size: large;\">Manouk talar flytande engelska, nederl\u00e4ndska och svenska, \u00e4r en adekvat och erfaren voice-over artist och <span style=\"text-decoration: underline;\"><a href=\"https:\/\/www.manoukvandermeulen.com\/sv\/writing\/\">f\u00f6rfattare<\/a><\/span>.\u00a0<\/span><\/p>\n<p>&nbsp;<\/p>\n<p>[\/et_pb_text][\/et_pb_column][\/et_pb_row][\/et_pb_section][et_pb_section fb_built=&#8221;1&#8243; admin_label=&#8221;Works&#8221; _builder_version=&#8221;4.9.0&#8243; background_enable_image=&#8221;off&#8221; background_position=&#8221;top_center&#8221; custom_margin=&#8221;-29px||-1px|||&#8221; custom_padding=&#8221;9px|||||&#8221;][et_pb_row _builder_version=&#8221;4.4.9&#8243; min_height=&#8221;90.2px&#8221; custom_margin=&#8221;|auto|-34px|auto||&#8221; custom_padding=&#8221;32px||0px|||&#8221; locked=&#8221;off&#8221;][et_pb_column type=&#8221;4_4&#8243; _builder_version=&#8221;4.4.9&#8243;][et_pb_text _builder_version=&#8221;4.9.0&#8243; text_line_height=&#8221;2em&#8221; header_2_font=&#8221;Thasadith||||||||&#8221; header_2_text_color=&#8221;#000000&#8243; header_2_font_size=&#8221;55px&#8221; header_2_line_height=&#8221;1.4em&#8221; header_3_font=&#8221;Thasadith||||||||&#8221; max_width=&#8221;1065px&#8221; module_alignment=&#8221;left&#8221; custom_margin=&#8221;8px|184px|-4px|||&#8221; custom_padding=&#8221;0px|0px|0px|||&#8221; header_2_font_size_tablet=&#8221;35px&#8221; header_2_font_size_phone=&#8221;24px&#8221; header_2_font_size_last_edited=&#8221;on|phone&#8221; locked=&#8221;off&#8221; inline_fonts=&#8221;Abhaya Libre,Open Sans Condensed,Thasadith&#8221;]<\/p>\n<h2 style=\"text-align: left;\"><span style=\"font-family: Abhaya Libre;\"><span style=\"color: #dfc165; font-family: Thasadith; font-weight: normal;\">SHOWREEL<br \/>\n<\/span><\/span><\/h2>\n<p>[\/et_pb_text][\/et_pb_column][\/et_pb_row][\/et_pb_section][et_pb_section fb_built=&#8221;1&#8243; _builder_version=&#8221;4.9.0&#8243; _module_preset=&#8221;default&#8221; custom_padding=&#8221;9px||8px|||&#8221;][et_pb_row column_structure=&#8221;1_3,1_3,1_3&#8243; _builder_version=&#8221;4.9.0&#8243; _module_preset=&#8221;default&#8221; custom_margin=&#8221;-9px|auto||auto||&#8221; custom_padding=&#8221;9px|||||&#8221;][et_pb_column type=&#8221;1_3&#8243; _builder_version=&#8221;4.9.0&#8243; _module_preset=&#8221;default&#8221;][et_pb_video src=&#8221;https:\/\/vimeo.com\/114923282&#8243; image_src=&#8221;https:\/\/www.manoukvandermeulen.com\/wp-content\/uploads\/2021\/06\/1.showreel-SHOWREEL-2021.jpg&#8221; _builder_version=&#8221;4.9.0&#8243; _module_preset=&#8221;default&#8221; min_height=&#8221;240.3px&#8221;][\/et_pb_video][\/et_pb_column][et_pb_column type=&#8221;1_3&#8243; _builder_version=&#8221;4.9.0&#8243; _module_preset=&#8221;default&#8221;][et_pb_video src=&#8221;https:\/\/vimeo.com\/239136557&#8243; image_src=&#8221;https:\/\/www.manoukvandermeulen.com\/wp-content\/uploads\/2021\/06\/2.SHOWREEL_FASHION-PLANET.jpg&#8221; _builder_version=&#8221;4.9.0&#8243; _module_preset=&#8221;default&#8221; min_height=&#8221;240.3px&#8221; custom_margin=&#8221;||3px|||&#8221;][\/et_pb_video][\/et_pb_column][et_pb_column type=&#8221;1_3&#8243; _builder_version=&#8221;4.9.0&#8243; _module_preset=&#8221;default&#8221;][et_pb_video src=&#8221;https:\/\/www.youtube.com\/watch?v=evJLAZ6QVPk&#038;feature=youtu.be&#8221; image_src=&#8221;https:\/\/www.manoukvandermeulen.com\/wp-content\/uploads\/2021\/05\/M_showreel_actress_ERFENIS.jpg&#8221; _builder_version=&#8221;4.9.0&#8243; _module_preset=&#8221;default&#8221; min_height=&#8221;240.3px&#8221;][\/et_pb_video][\/et_pb_column][\/et_pb_row][et_pb_row _builder_version=&#8221;4.9.0&#8243; _module_preset=&#8221;default&#8221;][et_pb_column type=&#8221;4_4&#8243; _builder_version=&#8221;4.9.0&#8243; _module_preset=&#8221;default&#8221;][et_pb_text _builder_version=&#8221;4.9.0&#8243; text_line_height=&#8221;2em&#8221; header_2_font=&#8221;Thasadith||||||||&#8221; header_2_text_color=&#8221;#000000&#8243; header_2_font_size=&#8221;55px&#8221; header_2_line_height=&#8221;1.4em&#8221; header_3_font=&#8221;Thasadith||||||||&#8221; max_width=&#8221;1065px&#8221; module_alignment=&#8221;left&#8221; custom_margin=&#8221;8px|184px|-5px|||&#8221; custom_padding=&#8221;0px|0px|0px|||&#8221; header_2_font_size_tablet=&#8221;35px&#8221; header_2_font_size_phone=&#8221;24px&#8221; header_2_font_size_last_edited=&#8221;on|phone&#8221; locked=&#8221;off&#8221; inline_fonts=&#8221;Abhaya Libre,Open Sans Condensed,Thasadith&#8221;]<\/p>\n<h2 style=\"text-align: left;\"><span style=\"font-family: Abhaya Libre;\"><span style=\"color: #dfc165; font-family: Thasadith; font-weight: normal;\">VOICEOVER<br \/>\n<\/span><\/span><\/h2>\n<p>[\/et_pb_text][et_pb_video src=&#8221;https:\/\/vimeo.com\/870288324?share=copy#t=0&#8243; _builder_version=&#8221;4.9.7&#8243; _module_preset=&#8221;default&#8221; title_text=&#8221;ManoukVoice&#8221; image_src=&#8221;https:\/\/www.manoukvandermeulen.com\/wp-content\/uploads\/2023\/10\/ManoukVoice.jpg&#8221; hover_enabled=&#8221;0&#8243; sticky_enabled=&#8221;0&#8243;][\/et_pb_video][\/et_pb_column][\/et_pb_row][et_pb_row column_structure=&#8221;1_3,1_3,1_3&#8243; _builder_version=&#8221;4.9.7&#8243; _module_preset=&#8221;default&#8221; custom_margin=&#8221;-44px|auto||auto||&#8221; custom_padding=&#8221;||7px|||&#8221; hover_enabled=&#8221;0&#8243; disabled_on=&#8221;on|on|on&#8221; disabled=&#8221;on&#8221; sticky_enabled=&#8221;0&#8243;][et_pb_column type=&#8221;1_3&#8243; _builder_version=&#8221;4.9.0&#8243; _module_preset=&#8221;default&#8221;][et_pb_audio audio=&#8221;https:\/\/www.manoukvandermeulen.com\/wp-content\/uploads\/2021\/05\/admin_artistdata_140_Dutch-van-der-Meulen-Pooh-Storytelling-Engl-1.mp3&#8243; image_url=&#8221;https:\/\/www.manoukvandermeulen.com\/wp-content\/uploads\/2021\/05\/8.png&#8221; _builder_version=&#8221;4.9.0&#8243; _module_preset=&#8221;default&#8221; min_height=&#8221;330px&#8221; custom_margin=&#8221;||-10px|||&#8221; custom_padding=&#8221;||0px|||&#8221;][\/et_pb_audio][\/et_pb_column][et_pb_column type=&#8221;1_3&#8243; _builder_version=&#8221;4.9.0&#8243; _module_preset=&#8221;default&#8221;][et_pb_audio audio=&#8221;https:\/\/www.manoukvandermeulen.com\/wp-content\/uploads\/2021\/05\/Dutch-Voice-over_Mercedes-en-NRC.mp3&#8243; image_url=&#8221;https:\/\/www.manoukvandermeulen.com\/wp-content\/uploads\/2021\/05\/9.png&#8221; _builder_version=&#8221;4.9.0&#8243; _module_preset=&#8221;default&#8221; min_height=&#8221;330px&#8221; custom_margin=&#8221;||-10px|||&#8221; custom_padding=&#8221;||0px|||&#8221;][\/et_pb_audio][\/et_pb_column][et_pb_column type=&#8221;1_3&#8243; _builder_version=&#8221;4.9.0&#8243; _module_preset=&#8221;default&#8221;][et_pb_audio audio=&#8221;https:\/\/www.manoukvandermeulen.com\/wp-content\/uploads\/2021\/06\/Dorren-som-tog-sig-friheter.mp3&#8243; image_url=&#8221;https:\/\/www.manoukvandermeulen.com\/wp-content\/uploads\/2021\/06\/Dorren-som-tog-sig-friegeter_pics-voice-over_actress-300&#215;300.png&#8221; _builder_version=&#8221;4.9.7&#8243; _module_preset=&#8221;default&#8221; min_height=&#8221;330px&#8221; custom_margin=&#8221;||-10px|||&#8221; custom_padding=&#8221;||0px|||&#8221;][\/et_pb_audio][\/et_pb_column][\/et_pb_row][et_pb_row _builder_version=&#8221;4.9.0&#8243; _module_preset=&#8221;default&#8221; min_height=&#8221;97.2px&#8221; custom_padding=&#8221;4px||0px|||&#8221;][et_pb_column type=&#8221;4_4&#8243; _builder_version=&#8221;4.9.0&#8243; _module_preset=&#8221;default&#8221;][et_pb_text _builder_version=&#8221;4.9.0&#8243; text_line_height=&#8221;2em&#8221; header_2_font=&#8221;Thasadith||||||||&#8221; header_2_text_color=&#8221;#000000&#8243; header_2_font_size=&#8221;55px&#8221; header_2_line_height=&#8221;1.4em&#8221; header_3_font=&#8221;Thasadith||||||||&#8221; max_width=&#8221;1065px&#8221; module_alignment=&#8221;left&#8221; custom_margin=&#8221;70px|184px|-4px|||&#8221; custom_padding=&#8221;0px|0px|0px|||&#8221; header_2_font_size_tablet=&#8221;35px&#8221; header_2_font_size_phone=&#8221;24px&#8221; header_2_font_size_last_edited=&#8221;on|phone&#8221; locked=&#8221;off&#8221; inline_fonts=&#8221;Abhaya Libre,Open Sans Condensed,Thasadith&#8221;]<\/p>\n<h2 style=\"text-align: left;\"><span style=\"font-family: Abhaya Libre;\"><span style=\"color: #dfc165; font-family: Thasadith; font-weight: normal;\">COMMERCIAL<br \/>\n<\/span><\/span><\/h2>\n<p>[\/et_pb_text][\/et_pb_column][\/et_pb_row][et_pb_row column_structure=&#8221;1_2,1_2&#8243; _builder_version=&#8221;4.9.0&#8243; _module_preset=&#8221;default&#8221; custom_margin=&#8221;0px|auto||auto||&#8221; custom_padding=&#8221;6px|||||&#8221;][et_pb_column type=&#8221;1_2&#8243; _builder_version=&#8221;4.9.0&#8243; _module_preset=&#8221;default&#8221;][et_pb_video src=&#8221;https:\/\/www.youtube.com\/watch?v=087gyHcd2KM&#8221; image_src=&#8221;https:\/\/www.manoukvandermeulen.com\/wp-content\/uploads\/2021\/05\/FP_COMMERCIAL_pics.jpg&#8221; _builder_version=&#8221;4.9.0&#8243; _module_preset=&#8221;default&#8221;][\/et_pb_video][\/et_pb_column][et_pb_column type=&#8221;1_2&#8243; _builder_version=&#8221;4.9.0&#8243; _module_preset=&#8221;default&#8221;][et_pb_video src=&#8221;https:\/\/www.youtube.com\/watch?v=OBP9J4svGvo&#8221; image_src=&#8221;https:\/\/www.manoukvandermeulen.com\/wp-content\/uploads\/2021\/05\/M_Actress-section_commercial_GOD-MORGON.jpg&#8221; _builder_version=&#8221;4.9.0&#8243; _module_preset=&#8221;default&#8221; custom_margin=&#8221;||-1px|||&#8221;][\/et_pb_video][\/et_pb_column][\/et_pb_row][\/et_pb_section][et_pb_section fb_built=&#8221;1&#8243; admin_label=&#8221;Exhibition&#8221; _builder_version=&#8221;4.4.9&#8243; custom_padding=&#8221;0px||0px|||&#8221;][et_pb_row _builder_version=&#8221;4.4.9&#8243; custom_padding=&#8221;5px||0px|||&#8221; locked=&#8221;off&#8221;][et_pb_column type=&#8221;4_4&#8243; _builder_version=&#8221;4.4.9&#8243;][et_pb_text _builder_version=&#8221;4.9.0&#8243; text_line_height=&#8221;2em&#8221; header_2_font=&#8221;Thasadith||||||||&#8221; header_2_text_color=&#8221;#000000&#8243; header_2_font_size=&#8221;55px&#8221; header_2_line_height=&#8221;1.4em&#8221; header_3_font=&#8221;Thasadith||||||||&#8221; max_width=&#8221;1065px&#8221; module_alignment=&#8221;left&#8221; min_height=&#8221;46.2px&#8221; custom_margin=&#8221;1px|184px|13px|||&#8221; custom_padding=&#8221;0px|0px|0px|||&#8221; header_2_font_size_tablet=&#8221;35px&#8221; header_2_font_size_phone=&#8221;24px&#8221; header_2_font_size_last_edited=&#8221;on|phone&#8221; locked=&#8221;off&#8221; inline_fonts=&#8221;Abhaya Libre,Open Sans Condensed,Thasadith&#8221;]<\/p>\n<h2 style=\"text-align: left;\"><span style=\"font-family: Abhaya Libre;\"><span style=\"color: #dfc165; font-family: Thasadith; font-weight: normal;\">GALLERY<br \/>\n<\/span><\/span><\/h2>\n<p>[\/et_pb_text][\/et_pb_column][\/et_pb_row][et_pb_row _builder_version=&#8221;4.9.0&#8243; _module_preset=&#8221;default&#8221; custom_margin=&#8221;-24px|auto||auto||&#8221; custom_padding=&#8221;28px||0px|||&#8221;][et_pb_column type=&#8221;4_4&#8243; _builder_version=&#8221;4.9.0&#8243; _module_preset=&#8221;default&#8221;][et_pb_gallery gallery_ids=&#8221;6699,6725,6695,6729,6689,6693,6691,6733&#8243; posts_number=&#8221;28&#8243; orientation=&#8221;portrait&#8221; show_title_and_caption=&#8221;off&#8221; _builder_version=&#8221;4.9.0&#8243; _module_preset=&#8221;default&#8221; custom_margin=&#8221;-13px||11px|||&#8221; custom_padding=&#8221;||0px|||&#8221;][\/et_pb_gallery][et_pb_text _builder_version=&#8221;4.9.0&#8243; text_line_height=&#8221;2em&#8221; header_2_font=&#8221;Thasadith||||||||&#8221; header_2_text_color=&#8221;#000000&#8243; header_2_font_size=&#8221;55px&#8221; header_2_line_height=&#8221;1.4em&#8221; header_3_font=&#8221;Thasadith||||||||&#8221; max_width=&#8221;1065px&#8221; module_alignment=&#8221;left&#8221; min_height=&#8221;47.2px&#8221; custom_margin=&#8221;9px|184px|13px|||&#8221; custom_padding=&#8221;0px|0px|5px|||&#8221; header_2_font_size_tablet=&#8221;35px&#8221; header_2_font_size_phone=&#8221;24px&#8221; header_2_font_size_last_edited=&#8221;on|phone&#8221; locked=&#8221;off&#8221; inline_fonts=&#8221;Abhaya Libre,Open Sans Condensed,Thasadith&#8221;]<\/p>\n<h2 style=\"text-align: left;\"><span style=\"font-family: Abhaya Libre;\"><span style=\"color: #dfc165; font-family: Thasadith; font-weight: normal;\">FILMSTILL<br \/>\n<\/span><\/span><\/h2>\n<p>[\/et_pb_text][\/et_pb_column][\/et_pb_row][et_pb_row _builder_version=&#8221;4.9.0&#8243; _module_preset=&#8221;default&#8221; custom_padding=&#8221;6px||0px|||&#8221;][et_pb_column type=&#8221;4_4&#8243; _builder_version=&#8221;4.9.0&#8243; _module_preset=&#8221;default&#8221;][et_pb_gallery gallery_ids=&#8221;7001,7009,7005,7011,7013,7015,7003,7017,7007,7019,7021,6987&#8243; posts_number=&#8221;12&#8243; orientation=&#8221;portrait&#8221; _builder_version=&#8221;4.9.0&#8243; _module_preset=&#8221;default&#8221;][\/et_pb_gallery][\/et_pb_column][\/et_pb_row][et_pb_row _builder_version=&#8221;4.9.0&#8243; _module_preset=&#8221;default&#8221; min_height=&#8221;91.2px&#8221; custom_padding=&#8221;47px||0px|||&#8221;][et_pb_column type=&#8221;4_4&#8243; _builder_version=&#8221;4.9.0&#8243; _module_preset=&#8221;default&#8221;][et_pb_text _builder_version=&#8221;4.9.0&#8243; text_line_height=&#8221;2em&#8221; header_2_font=&#8221;Thasadith||||||||&#8221; header_2_text_color=&#8221;#000000&#8243; header_2_font_size=&#8221;55px&#8221; header_2_line_height=&#8221;1.4em&#8221; header_3_font=&#8221;Thasadith||||||||&#8221; max_width=&#8221;1065px&#8221; module_alignment=&#8221;left&#8221; min_height=&#8221;46.2px&#8221; custom_margin=&#8221;5px|184px|13px|||&#8221; custom_padding=&#8221;0px|0px|0px|||&#8221; header_2_font_size_tablet=&#8221;35px&#8221; header_2_font_size_phone=&#8221;24px&#8221; header_2_font_size_last_edited=&#8221;on|phone&#8221; locked=&#8221;off&#8221; inline_fonts=&#8221;Abhaya Libre,Open Sans Condensed,Thasadith&#8221;]<\/p>\n<h2 style=\"text-align: left;\"><span style=\"font-family: Abhaya Libre;\"><span style=\"color: #dfc165; font-family: Thasadith; font-weight: normal;\">LONDON AGENT<br \/>\n<\/span><\/span><\/h2>\n<p>[\/et_pb_text][\/et_pb_column][\/et_pb_row][\/et_pb_section][et_pb_section fb_built=&#8221;1&#8243; admin_label=&#8221;Contact&#8221; _builder_version=&#8221;4.9.0&#8243; saved_tabs=&#8221;all&#8221;][et_pb_row column_structure=&#8221;1_3,1_3,1_3&#8243; _builder_version=&#8221;4.9.0&#8243; _module_preset=&#8221;default&#8221; custom_margin=&#8221;-58px|auto||auto||&#8221;][et_pb_column type=&#8221;1_3&#8243; _builder_version=&#8221;4.9.0&#8243; _module_preset=&#8221;default&#8221;][et_pb_text _builder_version=&#8221;4.9.0&#8243; _module_preset=&#8221;default&#8221;]<span style=\"font-size: large;\">Karen Hough\u00a0<\/span><br \/>\n<span style=\"font-size: large;\"><strong> CSA<\/strong><\/span><br \/>\n<span style=\"font-size: large;\"> 3rd Floor, Joel House<\/span><br \/>\n<span style=\"font-size: large;\"> 17-21 Garrick Street<\/span><br \/>\n<span style=\"font-size: large;\"> London<\/span><br \/>\n<span style=\"font-size: large;\"> WC2E 9BL<\/span><br \/>\n[\/et_pb_text][\/et_pb_column][et_pb_column type=&#8221;1_3&#8243; _builder_version=&#8221;4.9.0&#8243; _module_preset=&#8221;default&#8221;][et_pb_text _builder_version=&#8221;4.9.0&#8243; _module_preset=&#8221;default&#8221;]<span style=\"font-size: large;\">Tel: 0044 0207 420 9351<\/span><br \/>\n<span style=\"font-size: large;\"> Mobile: 0044 07711 875239<\/span><\/p>\n<p><span style=\"font-size: large;\"><a href=\"mailto:karen@shepherdmanagement.co.uk\">karen@shepherdmanagement.co.uk<br \/>\n<\/a><\/span><span style=\"font-size: large;\"><a href=\"http:\/\/www.csaactors.co.uk\/\">www.CSAactors.co.uk<\/a><br \/>\n(New website coming soon)\u00a0\u00a0<\/span><br \/>\n[\/et_pb_text][\/et_pb_column][et_pb_column type=&#8221;1_3&#8243; _builder_version=&#8221;4.9.0&#8243; _module_preset=&#8221;default&#8221;][et_pb_text _builder_version=&#8221;4.9.0&#8243; _module_preset=&#8221;default&#8221;]<a href=\"https:\/\/www.imdb.com\/name\/nm0582811\/?ref_=nv_sr_srsg_0\"><img loading=\"lazy\" class=\"wp-image-6574 alignnone size-thumbnail\" src=\"https:\/\/www.manoukvandermeulen.com\/wp-content\/uploads\/2021\/06\/IMdb10-150x150.png\" alt=\"\" width=\"50\" height=\"50\" \/><\/a>\u00a0\u00a0 <a href=\"https:\/\/www.facebook.com\/manouk.vandermeulen\"><img loading=\"lazy\" class=\"wp-image-6572 alignnone size-medium\" src=\"https:\/\/www.manoukvandermeulen.com\/wp-content\/uploads\/2021\/06\/FB-300x300.png\" alt=\"\" width=\"50\" height=\"50\" \/><\/a> <a href=\"https:\/\/www.instagram.com\/manoukvdm\/\"><img loading=\"lazy\" class=\"wp-image-6573 alignnone size-medium\" src=\"https:\/\/www.manoukvandermeulen.com\/wp-content\/uploads\/2021\/06\/IG-300x300.png\" alt=\"\" width=\"50\" height=\"50\" \/><\/a>\u00a0 <a href=\"https:\/\/www.linkedin.com\/in\/manouk-van-der-meulen-41333945\/\"><img loading=\"lazy\" class=\"wp-image-6575 alignnone size-medium\" src=\"https:\/\/www.manoukvandermeulen.com\/wp-content\/uploads\/2021\/06\/Lin-300x300.png\" alt=\"\" width=\"50\" height=\"50\" \/><\/a><br \/>\n[\/et_pb_text][\/et_pb_column][\/et_pb_row][\/et_pb_section]<\/p>\n","protected":false},"excerpt":{"rendered":"<p>[et_pb_section fb_built=&#8221;1&#8243; fullwidth=&#8221;on&#8221; _builder_version=&#8221;4.9.0&#8243; _module_preset=&#8221;default&#8221; background_color=&#8221;#FFFFFF&#8221;][et_pb_fullwidth_image src=&#8221;https:\/\/www.manoukvandermeulen.com\/wp-content\/uploads\/2021\/06\/SWEDISH.png&#8221; title_text=&#8221;SWEDISH&#8221; _builder_version=&#8221;4.9.7&#8243; _module_preset=&#8221;default&#8221; background_color=&#8221;#FFFFFF&#8221; min_height=&#8221;251.6px&#8221; custom_padding=&#8221;0px||0px|||&#8221;][\/et_pb_fullwidth_image][\/et_pb_section][et_pb_section fb_built=&#8221;1&#8243; admin_label=&#8221;Gallery&#8221; _builder_version=&#8221;4.5.1&#8243; custom_padding=&#8221;||0px|||&#8221;][et_pb_row _builder_version=&#8221;4.9.0&#8243; _module_preset=&#8221;default&#8221; custom_padding=&#8221;42px|||||&#8221;][et_pb_column type=&#8221;4_4&#8243; _builder_version=&#8221;4.9.0&#8243; _module_preset=&#8221;default&#8221;][et_pb_text _builder_version=&#8221;4.9.7&#8243; _module_preset=&#8221;default&#8221; text_font=&#8221;Thasadith||||||||&#8221; header_font=&#8221;Thasadith||||||||&#8221; inline_fonts=&#8221;Abhaya Libre,Open Sans Condensed,Thasadith&#8221;] Manouks karri\u00e4r som sk\u00e5despelerska b\u00f6rjade 1980 efter Herman Teirlinck Theatre School i Antwerpen.\u00a0Hon har utbildats och f\u00f6ljt masterclasses av Warren Robertson, Jack Waltzer, Delia [&hellip;]<\/p>\n","protected":false},"author":1,"featured_media":0,"parent":0,"menu_order":0,"comment_status":"closed","ping_status":"closed","template":"","meta":{"_et_pb_use_builder":"on","_et_pb_old_content":"","_et_gb_content_width":""},"_links":{"self":[{"href":"https:\/\/www.manoukvandermeulen.com\/sv\/wp-json\/wp\/v2\/pages\/6641"}],"collection":[{"href":"https:\/\/www.manoukvandermeulen.com\/sv\/wp-json\/wp\/v2\/pages"}],"about":[{"href":"https:\/\/www.manoukvandermeulen.com\/sv\/wp-json\/wp\/v2\/types\/page"}],"author":[{"embeddable":true,"href":"https:\/\/www.manoukvandermeulen.com\/sv\/wp-json\/wp\/v2\/users\/1"}],"replies":[{"embeddable":true,"href":"https:\/\/www.manoukvandermeulen.com\/sv\/wp-json\/wp\/v2\/comments?post=6641"}],"version-history":[{"count":18,"href":"https:\/\/www.manoukvandermeulen.com\/sv\/wp-json\/wp\/v2\/pages\/6641\/revisions"}],"predecessor-version":[{"id":7303,"href":"https:\/\/www.manoukvandermeulen.com\/sv\/wp-json\/wp\/v2\/pages\/6641\/revisions\/7303"}],"wp:attachment":[{"href":"https:\/\/www.manoukvandermeulen.com\/sv\/wp-json\/wp\/v2\/media?parent=6641"}],"curies":[{"name":"wp","href":"https:\/\/api.w.org\/{rel}","templated":true}]}}