{"id":7092,"date":"2021-06-15T18:44:52","date_gmt":"2021-06-15T18:44:52","guid":{"rendered":"https:\/\/www.manoukvandermeulen.com\/writing\/"},"modified":"2021-06-15T19:06:30","modified_gmt":"2021-06-15T19:06:30","slug":"writing","status":"publish","type":"page","link":"https:\/\/www.manoukvandermeulen.com\/sv\/writing\/","title":{"rendered":"WRITING"},"content":{"rendered":"<p>[et_pb_section fb_built=&#8221;1&#8243; fullwidth=&#8221;on&#8221; _builder_version=&#8221;4.9.0&#8243; _module_preset=&#8221;default&#8221;][et_pb_fullwidth_image src=&#8221;https:\/\/www.manoukvandermeulen.com\/wp-content\/uploads\/2021\/05\/Manouk_FP-writer.png&#8221; title_text=&#8221;Manouk_FP writer&#8221; _builder_version=&#8221;4.9.0&#8243; _module_preset=&#8221;default&#8221; background_color=&#8221;#000000&#8243;][\/et_pb_fullwidth_image][\/et_pb_section][et_pb_section fb_built=&#8221;1&#8243; admin_label=&#8221;Gallery&#8221; _builder_version=&#8221;4.5.1&#8243; custom_padding=&#8221;||0px|||&#8221;][et_pb_row _builder_version=&#8221;4.9.0&#8243; _module_preset=&#8221;default&#8221; custom_padding=&#8221;42px|||||&#8221;][et_pb_column type=&#8221;4_4&#8243; _builder_version=&#8221;4.9.0&#8243; _module_preset=&#8221;default&#8221;][et_pb_text _builder_version=&#8221;4.9.0&#8243; _module_preset=&#8221;default&#8221; text_font=&#8221;Thasadith||||||||&#8221; header_font=&#8221;Thasadith||||||||&#8221; inline_fonts=&#8221;Abhaya Libre,Open Sans Condensed,Thasadith&#8221;]<\/p>\n<p style=\"text-align: center;\"><span>Manouk \u00e4r en professionell skribent. Ze volgde manusverkst\u00e4der vid ROBERT MCKEE i London, SCRIPTPLUS i Amsterdam, Creative Writing LOI och f\u00f6ljer ett cursusmanus som skriver p\u00e5 ENDEMOL Productions. Ze schreef reisartikelen voor olika Nederlandse tijdschriften, kolumner \u00f6ver London f\u00f6r de krant &#8217;HET ALGEMEEN DAGBLAD&#8217; och kolumner \u00f6ver London och andlighet f\u00f6r het glansiga kvinnblad &#8217;NOUVEAU&#8217;. <\/span><\/p>\n<p style=\"text-align: center;\"><span>Haar f\u00f6rsta roman, &#8217;ZINGEND RIET&#8217;, blev 1996 publicerad av Fontein. 2011 intervjuade de musik och en crewleden van het Andr\u00e9 Rieu Orkest. De artiklar die sedan skreef, publicerades i &#8217;THE GLOSSY ANDRE RIEU MAGAZINE&#8217;. Haar roman DE RODE DRAAGDOEK publiceras 2019 vid Uitgeverij Aspect Ze fungerar nu till hennes n\u00e4sta roman med de werktitel &#8217;De Witte Wereld<\/span><span>\u2019<\/span><span>.<\/span><\/p>\n<p>[\/et_pb_text][\/et_pb_column][\/et_pb_row][\/et_pb_section][et_pb_section fb_built=&#8221;1&#8243; admin_label=&#8221;Work Intro&#8221; _builder_version=&#8221;4.5.1&#8243;][et_pb_row _builder_version=&#8221;4.4.9&#8243; custom_padding=&#8221;44px||0px|||&#8221; locked=&#8221;off&#8221;][et_pb_column type=&#8221;4_4&#8243; _builder_version=&#8221;4.4.9&#8243;][et_pb_text _builder_version=&#8221;4.9.0&#8243; text_line_height=&#8221;2em&#8221; header_2_font=&#8221;Thasadith||||||||&#8221; header_2_text_color=&#8221;#000000&#8243; header_2_font_size=&#8221;55px&#8221; header_2_line_height=&#8221;1.4em&#8221; header_3_font=&#8221;Thasadith||||||||&#8221; max_width=&#8221;1065px&#8221; module_alignment=&#8221;left&#8221; custom_margin=&#8221;17px|184px||||&#8221; custom_padding=&#8221;0px|0px|0px|||&#8221; header_2_font_size_tablet=&#8221;35px&#8221; header_2_font_size_phone=&#8221;24px&#8221; header_2_font_size_last_edited=&#8221;on|phone&#8221; locked=&#8221;off&#8221; inline_fonts=&#8221;Abhaya Libre,Open Sans Condensed,Thasadith&#8221;]<\/p>\n<h2 style=\"text-align: left;\"><span style=\"font-family: Abhaya Libre;\"><span style=\"color: #dfc165; font-family: Thasadith; font-weight: normal;\">LATEST BOOK<\/span><br \/> <\/span><\/h2>\n<p>[\/et_pb_text][\/et_pb_column][\/et_pb_row][\/et_pb_section][et_pb_section fb_built=&#8221;1&#8243; admin_label=&#8221;Works&#8221; _builder_version=&#8221;4.9.0&#8243; background_enable_image=&#8221;off&#8221; background_position=&#8221;top_center&#8221; custom_margin=&#8221;-29px||-1px|||&#8221;][et_pb_row column_structure=&#8221;1_3,1_3,1_3&#8243; _builder_version=&#8221;4.9.0&#8243; min_height=&#8221;578px&#8221; custom_padding=&#8221;4px||12px|||&#8221;][et_pb_column type=&#8221;1_3&#8243; _builder_version=&#8221;4.4.9&#8243;][et_pb_image src=&#8221;https:\/\/www.manoukvandermeulen.com\/wp-content\/uploads\/2021\/05\/DerMeulen_DeRodeDraagdoek_HR_27-1.jpg&#8221; title_text=&#8221;DerMeulen_DeRodeDraagdoek_HR_27-1&#8243; _builder_version=&#8221;4.9.0&#8243;][\/et_pb_image][\/et_pb_column][et_pb_column type=&#8221;1_3&#8243; _builder_version=&#8221;4.4.9&#8243;][et_pb_image src=&#8221;https:\/\/www.manoukvandermeulen.com\/wp-content\/uploads\/2021\/05\/DerMeulen_DeRodeDraagdoek_BK_back-side.jpg&#8221; title_text=&#8221;DerMeulen_DeRodeDraagdoek_BK_back side&#8221; _builder_version=&#8221;4.9.0&#8243; min_height=&#8221;479.5px&#8221;][\/et_pb_image][\/et_pb_column][et_pb_column type=&#8221;1_3&#8243; _builder_version=&#8221;4.4.9&#8243;][et_pb_text _builder_version=&#8221;4.9.0&#8243; _module_preset=&#8221;default&#8221;]<\/p>\n<p><span>17-\u00e5riga Ana, som \u00e4r \u00f6vergiven och gravid, volont\u00e4rarbetar med skadade elefanter i Uganda. <\/span><\/p>\n<p><span>Efter att hon har f\u00f6tt sitt barn, \u00e5terv\u00e4nder hon till London d\u00e4r hon l\u00e4mnar bort barnet f\u00f6r adoption. <\/span><\/p>\n<p><span>Mer och mer desperat, f\u00f6rs\u00f6ker hon \u00e5terigen ta upp tr\u00e5den, vilket leder henne till gr\u00e4nsen f\u00f6r vad som fortfarande \u00e4r uth\u00e4rdligt. <\/span><\/p>\n<p><span>S\u00e5 sm\u00e5ningom inser hon att det enda som k\u00e4nns r\u00e4tt f\u00f6r henne \u00e4r att \u00e5ka tillbaka till Afrika och elefanterna. <\/span><\/p>\n<p><span>Efter m\u00e5nga \u00e5rs h\u00e5rt arbete v\u00e4ntar en stor \u00f6verraskning f\u00f6r henne d\u00e4r.<\/span><\/p>\n<p>[\/et_pb_text][\/et_pb_column][\/et_pb_row][et_pb_row _builder_version=&#8221;4.4.9&#8243; min_height=&#8221;153.2px&#8221; custom_margin=&#8221;|auto|-34px|auto||&#8221; custom_padding=&#8221;44px||0px|||&#8221; locked=&#8221;off&#8221;][et_pb_column type=&#8221;4_4&#8243; _builder_version=&#8221;4.4.9&#8243;][et_pb_text _builder_version=&#8221;4.9.0&#8243; text_line_height=&#8221;2em&#8221; header_2_font=&#8221;Thasadith||||||||&#8221; header_2_text_color=&#8221;#000000&#8243; header_2_font_size=&#8221;55px&#8221; header_2_line_height=&#8221;1.4em&#8221; header_3_font=&#8221;Thasadith||||||||&#8221; max_width=&#8221;1065px&#8221; module_alignment=&#8221;left&#8221; custom_margin=&#8221;8px|184px|-4px|||&#8221; custom_padding=&#8221;0px|0px|0px|||&#8221; header_2_font_size_tablet=&#8221;35px&#8221; header_2_font_size_phone=&#8221;24px&#8221; header_2_font_size_last_edited=&#8221;on|phone&#8221; locked=&#8221;off&#8221; inline_fonts=&#8221;Abhaya Libre,Open Sans Condensed,Thasadith&#8221;]<\/p>\n<h2 style=\"text-align: left;\"><span style=\"font-family: Abhaya Libre;\"><span style=\"color: #dfc165; font-family: Thasadith; font-weight: normal;\">WRITING ACTIVITIES<\/span><\/span><\/h2>\n<p>[\/et_pb_text][\/et_pb_column][\/et_pb_row][\/et_pb_section][et_pb_section fb_built=&#8221;1&#8243; _builder_version=&#8221;4.9.0&#8243; _module_preset=&#8221;default&#8221;][et_pb_row _builder_version=&#8221;4.9.0&#8243; _module_preset=&#8221;default&#8221;][et_pb_column type=&#8221;4_4&#8243; _builder_version=&#8221;4.9.0&#8243; _module_preset=&#8221;default&#8221;][et_pb_text _builder_version=&#8221;4.9.0&#8243; _module_preset=&#8221;default&#8221;]<\/p>\n<p>2019, De Rode Draagdoek, Roman, Uitgeverij Aspect.<\/p>\n<p>2012, Andre Rieu Productie, interviews met muzikanten en crew voor Rieu Glossy Magazine<\/p>\n<p>2009-2011, Hart &amp; Ziel, maandelijkse column voor het glossy damesblad Nouveau<\/p>\n<p>2007-2009, Liefs Uit Londen, maandelijkse column voor het glossy damesblad Nouveau<\/p>\n<p>2005, Column Man voor het tijdschrift Libelle<\/p>\n<p>2003, Cura\u00e7ao, Reisartikel voor het tijdschrift Persoonlijkheid<\/p>\n<p>2002, Zuid-Afrika, Reisartikel voor, Personality magazine<\/p>\n<p>1999-2001, London Calling, wekelijkse column voor Het Algemeen Dagblad<\/p>\n<p>1998, Hollywood, Reisartikel voor BLVD magazine<\/p>\n<p>1996, Zingend Riet, Novel, uitgegeven door Fontein<\/p>\n<p>1991, Sahel Sahara, Reisartikel voor Viva magazine<\/p>\n<p>1990, St Tropez, Reisartikel voor Nieuwe Revue<\/p>\n<p>1989, Interview met fotograaf Govert de Roos voor Nieuwe Revue<\/p>\n<p>[\/et_pb_text][\/et_pb_column][\/et_pb_row][\/et_pb_section][et_pb_section fb_built=&#8221;1&#8243; admin_label=&#8221;Exhibition&#8221; _builder_version=&#8221;4.4.9&#8243; custom_padding=&#8221;||0px|||&#8221;][et_pb_row _builder_version=&#8221;4.4.9&#8243; custom_padding=&#8221;5px||0px|||&#8221; locked=&#8221;off&#8221;][et_pb_column type=&#8221;4_4&#8243; _builder_version=&#8221;4.4.9&#8243;][et_pb_text _builder_version=&#8221;4.9.0&#8243; text_line_height=&#8221;2em&#8221; header_2_font=&#8221;Thasadith||||||||&#8221; header_2_text_color=&#8221;#000000&#8243; header_2_font_size=&#8221;55px&#8221; header_2_line_height=&#8221;1.4em&#8221; header_3_font=&#8221;Thasadith||||||||&#8221; max_width=&#8221;1065px&#8221; module_alignment=&#8221;left&#8221; min_height=&#8221;74.2px&#8221; custom_margin=&#8221;33px|184px|13px|||&#8221; custom_padding=&#8221;0px|0px|0px|||&#8221; header_2_font_size_tablet=&#8221;35px&#8221; header_2_font_size_phone=&#8221;24px&#8221; header_2_font_size_last_edited=&#8221;on|phone&#8221; locked=&#8221;off&#8221; inline_fonts=&#8221;Abhaya Libre,Open Sans Condensed,Thasadith&#8221;]<\/p>\n<h2 style=\"text-align: left;\"><span style=\"font-family: Abhaya Libre;\"><span style=\"color: #dfc165; font-family: Thasadith; font-weight: normal;\">WRITING COLLUMN<br \/><\/span><\/span><\/h2>\n<p>[\/et_pb_text][\/et_pb_column][\/et_pb_row][et_pb_row column_structure=&#8221;1_3,1_3,1_3&#8243; _builder_version=&#8221;4.9.0&#8243; _module_preset=&#8221;default&#8221;][et_pb_column type=&#8221;1_3&#8243; _builder_version=&#8221;4.9.0&#8243; _module_preset=&#8221;default&#8221;][et_pb_image src=&#8221;https:\/\/www.manoukvandermeulen.com\/wp-content\/uploads\/2021\/05\/WRITING1.png&#8221; title_text=&#8221;WRITING1&#8243; url=&#8221;https:\/\/www.manoukvandermeulen.com\/wp-content\/uploads\/2021\/05\/COLLUMN_MANOUK_1-2.pdf&#8221; _builder_version=&#8221;4.9.0&#8243; _module_preset=&#8221;default&#8221;][\/et_pb_image][\/et_pb_column][et_pb_column type=&#8221;1_3&#8243; _builder_version=&#8221;4.9.0&#8243; _module_preset=&#8221;default&#8221;][et_pb_image src=&#8221;https:\/\/www.manoukvandermeulen.com\/wp-content\/uploads\/2021\/05\/WRITING2.png&#8221; title_text=&#8221;WRITING2&#8243; url=&#8221;https:\/\/www.manoukvandermeulen.com\/wp-content\/uploads\/2021\/05\/COLLUMN_MANOUK2-1.pdf&#8221; _builder_version=&#8221;4.9.0&#8243; _module_preset=&#8221;default&#8221;][\/et_pb_image][\/et_pb_column][et_pb_column type=&#8221;1_3&#8243; _builder_version=&#8221;4.9.0&#8243; _module_preset=&#8221;default&#8221;][et_pb_image src=&#8221;https:\/\/www.manoukvandermeulen.com\/wp-content\/uploads\/2021\/05\/WRITING3.png&#8221; title_text=&#8221;WRITING3&#8243; url=&#8221;https:\/\/www.manoukvandermeulen.com\/wp-content\/uploads\/2021\/05\/COLLUMN_MANOUK3-1.pdf&#8221; _builder_version=&#8221;4.9.0&#8243; _module_preset=&#8221;default&#8221;][\/et_pb_image][\/et_pb_column][\/et_pb_row][et_pb_row _builder_version=&#8221;4.9.0&#8243; _module_preset=&#8221;default&#8221;][et_pb_column type=&#8221;4_4&#8243; _builder_version=&#8221;4.9.0&#8243; _module_preset=&#8221;default&#8221;][et_pb_text _builder_version=&#8221;4.9.0&#8243; text_line_height=&#8221;2em&#8221; header_2_font=&#8221;Thasadith||||||||&#8221; header_2_text_color=&#8221;#000000&#8243; header_2_font_size=&#8221;55px&#8221; header_2_line_height=&#8221;1.4em&#8221; header_3_font=&#8221;Thasadith||||||||&#8221; max_width=&#8221;1065px&#8221; module_alignment=&#8221;left&#8221; min_height=&#8221;74.2px&#8221; custom_margin=&#8221;33px|184px|13px|||&#8221; custom_padding=&#8221;0px|0px|0px|||&#8221; header_2_font_size_tablet=&#8221;35px&#8221; header_2_font_size_phone=&#8221;24px&#8221; header_2_font_size_last_edited=&#8221;on|phone&#8221; locked=&#8221;off&#8221; inline_fonts=&#8221;Abhaya Libre,Open Sans Condensed,Thasadith&#8221;]<\/p>\n<h2 style=\"text-align: left;\"><span style=\"font-family: Abhaya Libre;\"><span style=\"color: #dfc165; font-family: Thasadith; font-weight: normal;\">PUBLISHER<br \/><\/span><\/span><\/h2>\n<p>[\/et_pb_text][et_pb_text _builder_version=&#8221;4.9.0&#8243; _module_preset=&#8221;default&#8221;]<\/p>\n<p><strong>Uitgeverij Aspekt<\/strong><br \/> Amersfoortsestraat 27<br \/> 3769 AD Soesterberg. Holland\u00a0<o:p><\/o:p><\/p>\n<p style=\"box-sizing: inherit; margin: 0cm 0cm 21.0pt 0cm;\">E.\u00a0<a href=\"mailto:info@uitgeverijaspekt.nl\" target=\"_blank\" rel=\"noopener\">info@uitgeverijaspekt.nl<\/a><br \/> T. 00 31 &#8211; (0)346-353895<o:p><\/o:p><\/p>\n<p>[\/et_pb_text][et_pb_text _builder_version=&#8221;4.9.0&#8243; _module_preset=&#8221;default&#8221;]<\/p>\n<p><a href=\"https:\/\/www.imdb.com\/name\/nm0582811\/?ref_=nv_sr_srsg_0\"><img loading=\"lazy\" src=\"https:\/\/www.manoukvandermeulen.com\/wp-content\/uploads\/2021\/06\/IMdb10-150x150.png\" alt=\"\" class=\"wp-image-6574 alignnone size-thumbnail\" width=\"50\" height=\"50\" \/><\/a>\u00a0\u00a0 <a href=\"https:\/\/www.facebook.com\/manouk.vandermeulen\"><img loading=\"lazy\" src=\"https:\/\/www.manoukvandermeulen.com\/wp-content\/uploads\/2021\/06\/FB-300x300.png\" alt=\"\" class=\"wp-image-6572 alignnone size-medium\" width=\"50\" height=\"50\" \/><\/a> <a href=\"https:\/\/www.instagram.com\/manoukvdm\/\"><img loading=\"lazy\" src=\"https:\/\/www.manoukvandermeulen.com\/wp-content\/uploads\/2021\/06\/IG-300x300.png\" alt=\"\" class=\"wp-image-6573 alignnone size-medium\" width=\"50\" height=\"50\" \/><\/a>\u00a0 <a href=\"https:\/\/www.linkedin.com\/in\/manouk-van-der-meulen-41333945\/\"><img loading=\"lazy\" src=\"https:\/\/www.manoukvandermeulen.com\/wp-content\/uploads\/2021\/06\/Lin-300x300.png\" alt=\"\" class=\"wp-image-6575 alignnone size-medium\" width=\"50\" height=\"50\" \/><\/a><\/p>\n<p>[\/et_pb_text][\/et_pb_column][\/et_pb_row][\/et_pb_section][et_pb_section fb_built=&#8221;1&#8243; admin_label=&#8221;Contact&#8221; _builder_version=&#8221;4.9.0&#8243; saved_tabs=&#8221;all&#8221;][\/et_pb_section]<\/p>\n","protected":false},"excerpt":{"rendered":"<p>[et_pb_section fb_built=&#8221;1&#8243; fullwidth=&#8221;on&#8221; _builder_version=&#8221;4.9.0&#8243; _module_preset=&#8221;default&#8221;][et_pb_fullwidth_image src=&#8221;https:\/\/www.manoukvandermeulen.com\/wp-content\/uploads\/2021\/05\/Manouk_FP-writer.png&#8221; title_text=&#8221;Manouk_FP writer&#8221; _builder_version=&#8221;4.9.0&#8243; _module_preset=&#8221;default&#8221; background_color=&#8221;#000000&#8243;][\/et_pb_fullwidth_image][\/et_pb_section][et_pb_section fb_built=&#8221;1&#8243; admin_label=&#8221;Gallery&#8221; _builder_version=&#8221;4.5.1&#8243; custom_padding=&#8221;||0px|||&#8221;][et_pb_row _builder_version=&#8221;4.9.0&#8243; _module_preset=&#8221;default&#8221; custom_padding=&#8221;42px|||||&#8221;][et_pb_column type=&#8221;4_4&#8243; _builder_version=&#8221;4.9.0&#8243; _module_preset=&#8221;default&#8221;][et_pb_text _builder_version=&#8221;4.9.0&#8243; _module_preset=&#8221;default&#8221; text_font=&#8221;Thasadith||||||||&#8221; header_font=&#8221;Thasadith||||||||&#8221; inline_fonts=&#8221;Abhaya Libre,Open Sans Condensed,Thasadith&#8221;] Manouk \u00e4r en professionell skribent. Ze volgde manusverkst\u00e4der vid ROBERT MCKEE i London, SCRIPTPLUS i Amsterdam, Creative Writing LOI och f\u00f6ljer ett cursusmanus som skriver p\u00e5 [&hellip;]<\/p>\n","protected":false},"author":1,"featured_media":0,"parent":0,"menu_order":0,"comment_status":"closed","ping_status":"closed","template":"","meta":{"_et_pb_use_builder":"on","_et_pb_old_content":"","_et_gb_content_width":""},"_links":{"self":[{"href":"https:\/\/www.manoukvandermeulen.com\/sv\/wp-json\/wp\/v2\/pages\/7092"}],"collection":[{"href":"https:\/\/www.manoukvandermeulen.com\/sv\/wp-json\/wp\/v2\/pages"}],"about":[{"href":"https:\/\/www.manoukvandermeulen.com\/sv\/wp-json\/wp\/v2\/types\/page"}],"author":[{"embeddable":true,"href":"https:\/\/www.manoukvandermeulen.com\/sv\/wp-json\/wp\/v2\/users\/1"}],"replies":[{"embeddable":true,"href":"https:\/\/www.manoukvandermeulen.com\/sv\/wp-json\/wp\/v2\/comments?post=7092"}],"version-history":[{"count":6,"href":"https:\/\/www.manoukvandermeulen.com\/sv\/wp-json\/wp\/v2\/pages\/7092\/revisions"}],"predecessor-version":[{"id":7112,"href":"https:\/\/www.manoukvandermeulen.com\/sv\/wp-json\/wp\/v2\/pages\/7092\/revisions\/7112"}],"wp:attachment":[{"href":"https:\/\/www.manoukvandermeulen.com\/sv\/wp-json\/wp\/v2\/media?parent=7092"}],"curies":[{"name":"wp","href":"https:\/\/api.w.org\/{rel}","templated":true}]}}